{"id":33832,"date":"2025-12-30T15:43:26","date_gmt":"2025-12-30T15:43:26","guid":{"rendered":"https:\/\/theplaycompany.co.uk\/iaapa-florida-2023-broschuere-herunterladen\/"},"modified":"2026-04-24T13:17:59","modified_gmt":"2026-04-24T13:17:59","slug":"iaapa-florida-2023-broschuere-herunterladen","status":"publish","type":"page","link":"https:\/\/theplaycompany.co.uk\/de\/iaapa-florida-2023-broschuere-herunterladen\/","title":{"rendered":"IAAPA FLORIDA 2023 \u2013 BROSCH\u00dcRE HERUNTERLADEN"},"content":{"rendered":"\t\t<div data-elementor-type=\"wp-page\" data-elementor-id=\"33832\" class=\"elementor elementor-33832 elementor-28855\" data-elementor-post-type=\"page\">\n\t\t\t\t<div class=\"elementor-element elementor-element-3a73889 e-con-full e-flex e-con e-parent\" data-id=\"3a73889\" data-element_type=\"container\" data-e-type=\"container\" data-settings=\"{&quot;background_background&quot;:&quot;classic&quot;,&quot;jet_parallax_layout_list&quot;:[],&quot;shape_divider_bottom&quot;:&quot;waves&quot;,&quot;shape_divider_bottom_negative&quot;:&quot;yes&quot;}\">\n\t\t\t\t<div class=\"elementor-shape elementor-shape-bottom\" aria-hidden=\"true\" data-negative=\"true\">\n\t\t\t<svg xmlns=\"http:\/\/www.w3.org\/2000\/svg\" viewBox=\"0 0 1000 100\" preserveAspectRatio=\"none\">\n\t<path class=\"elementor-shape-fill\" d=\"M790.5,93.1c-59.3-5.3-116.8-18-192.6-50c-29.6-12.7-76.9-31-100.5-35.9c-23.6-4.9-52.6-7.8-75.5-5.3\n\tc-10.2,1.1-22.6,1.4-50.1,7.4c-27.2,6.3-58.2,16.6-79.4,24.7c-41.3,15.9-94.9,21.9-134,22.6C72,58.2,0,25.8,0,25.8V100h1000V65.3\n\tc0,0-51.5,19.4-106.2,25.7C839.5,97,814.1,95.2,790.5,93.1z\"\/>\n<\/svg>\t\t<\/div>\n\t\t<div class=\"elementor-element elementor-element-33ff469 e-flex e-con-boxed e-con e-child\" data-id=\"33ff469\" data-element_type=\"container\" data-e-type=\"container\" data-settings=\"{&quot;background_background&quot;:&quot;classic&quot;,&quot;jet_parallax_layout_list&quot;:[]}\">\n\t\t\t\t\t<div class=\"e-con-inner\">\n\t\t\t\t\t<\/div>\n\t\t\t\t<\/div>\n\t\t\t\t<\/div>\n\t\t<div class=\"elementor-element elementor-element-5306a5a e-flex e-con-boxed e-con e-parent\" data-id=\"5306a5a\" data-element_type=\"container\" data-e-type=\"container\" data-settings=\"{&quot;jet_parallax_layout_list&quot;:[]}\">\n\t\t\t\t\t<div class=\"e-con-inner\">\n\t\t\t\t<div class=\"elementor-element elementor-element-2ca8c84 elementor-widget elementor-widget-heading\" data-id=\"2ca8c84\" data-element_type=\"widget\" data-e-type=\"widget\" data-widget_type=\"heading.default\">\n\t\t\t\t\t<h1 class=\"elementor-heading-title elementor-size-default\">Design-Brosch\u00fcre <\/h1>\t\t\t\t<\/div>\n\t\t\t\t\t<\/div>\n\t\t\t\t<\/div>\n\t\t\t\t<section class=\"elementor-section elementor-top-section elementor-element elementor-element-b50061f elementor-section-content-middle elementor-section-boxed elementor-section-height-default elementor-section-height-default\" data-id=\"b50061f\" data-element_type=\"section\" data-e-type=\"section\" data-settings=\"{&quot;background_background&quot;:&quot;classic&quot;,&quot;jet_parallax_layout_list&quot;:[]}\">\n\t\t\t\t\t\t<div class=\"elementor-container elementor-column-gap-default\">\n\t\t\t\t\t<div class=\"elementor-column elementor-col-100 elementor-top-column elementor-element elementor-element-aff02c6\" data-id=\"aff02c6\" data-element_type=\"column\" data-e-type=\"column\">\n\t\t\t<div class=\"elementor-widget-wrap elementor-element-populated\">\n\t\t\t\t\t\t<section class=\"elementor-section elementor-inner-section elementor-element elementor-element-8335ef3 elementor-section-boxed elementor-section-height-default elementor-section-height-default\" data-id=\"8335ef3\" data-element_type=\"section\" data-e-type=\"section\" data-settings=\"{&quot;jet_parallax_layout_list&quot;:[]}\">\n\t\t\t\t\t\t<div class=\"elementor-container elementor-column-gap-default\">\n\t\t\t\t\t<div class=\"elementor-column elementor-col-50 elementor-inner-column elementor-element elementor-element-5658dcf\" data-id=\"5658dcf\" data-element_type=\"column\" data-e-type=\"column\">\n\t\t\t<div class=\"elementor-widget-wrap elementor-element-populated\">\n\t\t\t\t\t\t<div class=\"elementor-element elementor-element-120ebd8 elementor-align-center elementor-widget elementor-widget-button\" data-id=\"120ebd8\" data-element_type=\"widget\" data-e-type=\"widget\" data-widget_type=\"button.default\">\n\t\t\t\t\t\t\t\t\t\t<a class=\"elementor-button elementor-button-link elementor-size-md\" href=\"https:\/\/www.dropbox.com\/scl\/fi\/tu309hwn8zrju49nuk4f8\/2023_Full_Brochure_Portrait_Screen.pdf?rlkey=tltubrm066r4vewxpcwjnmcxc&#038;dl=1\">\n\t\t\t\t\t\t<span class=\"elementor-button-content-wrapper\">\n\t\t\t\t\t\t\t\t\t<span class=\"elementor-button-text\">BROSCH\u00dcRE HERUNTERLADEN<\/span>\n\t\t\t\t\t<\/span>\n\t\t\t\t\t<\/a>\n\t\t\t\t\t\t\t\t<\/div>\n\t\t\t\t\t<\/div>\n\t\t<\/div>\n\t\t\t\t<div class=\"elementor-column elementor-col-50 elementor-inner-column elementor-element elementor-element-3992acf\" data-id=\"3992acf\" data-element_type=\"column\" data-e-type=\"column\">\n\t\t\t<div class=\"elementor-widget-wrap elementor-element-populated\">\n\t\t\t\t\t\t<div class=\"elementor-element elementor-element-b9e1372 elementor-align-center elementor-widget elementor-widget-button\" data-id=\"b9e1372\" data-element_type=\"widget\" data-e-type=\"widget\" data-widget_type=\"button.default\">\n\t\t\t\t\t\t\t\t\t\t<a class=\"elementor-button elementor-button-link elementor-size-md\" href=\"https:\/\/theplaycompany.co.uk\/de\/broschuere-als-flipbook\/\" target=\"_blank\" rel=\"nofollow\">\n\t\t\t\t\t\t<span class=\"elementor-button-content-wrapper\">\n\t\t\t\t\t\t\t\t\t<span class=\"elementor-button-text\">BROSCH\u00dcRE ONLINE ANSEHEN<\/span>\n\t\t\t\t\t<\/span>\n\t\t\t\t\t<\/a>\n\t\t\t\t\t\t\t\t<\/div>\n\t\t\t\t\t<\/div>\n\t\t<\/div>\n\t\t\t\t\t<\/div>\n\t\t<\/section>\n\t\t\t\t<div class=\"elementor-element elementor-element-158f132 elementor-widget elementor-widget-text-editor\" data-id=\"158f132\" data-element_type=\"widget\" data-e-type=\"widget\" data-widget_type=\"text-editor.default\">\n\t\t\t\t\t\t\t\t\t<p>SEHEN SIE SICH UNTEN EINIGE UNSERER VIDEOS AN<\/p>\t\t\t\t\t\t\t\t<\/div>\n\t\t\t\t\t<\/div>\n\t\t<\/div>\n\t\t\t\t\t<\/div>\n\t\t<\/section>\n\t\t\t\t<section class=\"elementor-section elementor-top-section elementor-element elementor-element-717aabb elementor-section-boxed elementor-section-height-default elementor-section-height-default\" data-id=\"717aabb\" data-element_type=\"section\" data-e-type=\"section\" data-settings=\"{&quot;jet_parallax_layout_list&quot;:[]}\">\n\t\t\t\t\t\t<div class=\"elementor-container elementor-column-gap-default\">\n\t\t\t\t\t<div class=\"elementor-column elementor-col-100 elementor-top-column elementor-element elementor-element-c18fd81\" data-id=\"c18fd81\" data-element_type=\"column\" data-e-type=\"column\">\n\t\t\t<div class=\"elementor-widget-wrap elementor-element-populated\">\n\t\t\t\t\t\t<section class=\"elementor-section elementor-inner-section elementor-element elementor-element-a6ae7e2 elementor-section-boxed elementor-section-height-default elementor-section-height-default\" data-id=\"a6ae7e2\" data-element_type=\"section\" data-e-type=\"section\" data-settings=\"{&quot;background_background&quot;:&quot;classic&quot;,&quot;jet_parallax_layout_list&quot;:[]}\">\n\t\t\t\t\t\t<div class=\"elementor-container elementor-column-gap-default\">\n\t\t\t\t\t<div class=\"elementor-column elementor-col-50 elementor-inner-column elementor-element elementor-element-4fa9e05\" data-id=\"4fa9e05\" data-element_type=\"column\" data-e-type=\"column\">\n\t\t\t<div class=\"elementor-widget-wrap elementor-element-populated\">\n\t\t\t\t\t\t<div class=\"elementor-element elementor-element-224d8d9 elementor-widget elementor-widget-heading\" data-id=\"224d8d9\" data-element_type=\"widget\" data-e-type=\"widget\" data-widget_type=\"heading.default\">\n\t\t\t\t\t<h2 class=\"elementor-heading-title elementor-size-default\">STRIKE ARENA<\/h2>\t\t\t\t<\/div>\n\t\t\t\t\t<\/div>\n\t\t<\/div>\n\t\t\t\t<div class=\"elementor-column elementor-col-50 elementor-inner-column elementor-element elementor-element-de28b76\" data-id=\"de28b76\" data-element_type=\"column\" data-e-type=\"column\">\n\t\t\t<div class=\"elementor-widget-wrap elementor-element-populated\">\n\t\t\t\t\t\t<div class=\"elementor-element elementor-element-e461243 elementor-widget elementor-widget-video\" data-id=\"e461243\" data-element_type=\"widget\" data-e-type=\"widget\" data-settings=\"{&quot;youtube_url&quot;:&quot;https:\\\/\\\/youtu.be\\\/sba4aZiHbmk&quot;,&quot;video_type&quot;:&quot;youtube&quot;,&quot;controls&quot;:&quot;yes&quot;}\" data-widget_type=\"video.default\">\n\t\t\t\t\t\t\t<div class=\"elementor-wrapper elementor-open-inline\">\n\t\t\t<div class=\"elementor-video\"><\/div>\t\t<\/div>\n\t\t\t\t\t\t<\/div>\n\t\t\t\t\t<\/div>\n\t\t<\/div>\n\t\t\t\t\t<\/div>\n\t\t<\/section>\n\t\t\t\t<section class=\"elementor-section elementor-inner-section elementor-element elementor-element-5ae7f4c elementor-section-boxed elementor-section-height-default elementor-section-height-default\" data-id=\"5ae7f4c\" data-element_type=\"section\" data-e-type=\"section\" data-settings=\"{&quot;background_background&quot;:&quot;classic&quot;,&quot;jet_parallax_layout_list&quot;:[]}\">\n\t\t\t\t\t\t<div class=\"elementor-container elementor-column-gap-default\">\n\t\t\t\t\t<div class=\"elementor-column elementor-col-50 elementor-inner-column elementor-element elementor-element-921a825\" data-id=\"921a825\" data-element_type=\"column\" data-e-type=\"column\">\n\t\t\t<div class=\"elementor-widget-wrap elementor-element-populated\">\n\t\t\t\t\t\t<div class=\"elementor-element elementor-element-7a7e856 elementor-widget elementor-widget-heading\" data-id=\"7a7e856\" data-element_type=\"widget\" data-e-type=\"widget\" data-widget_type=\"heading.default\">\n\t\t\t\t\t<h2 class=\"elementor-heading-title elementor-size-default\">ALTITUDE<\/h2>\t\t\t\t<\/div>\n\t\t\t\t\t<\/div>\n\t\t<\/div>\n\t\t\t\t<div class=\"elementor-column elementor-col-50 elementor-inner-column elementor-element elementor-element-08243dc\" data-id=\"08243dc\" data-element_type=\"column\" data-e-type=\"column\">\n\t\t\t<div class=\"elementor-widget-wrap elementor-element-populated\">\n\t\t\t\t\t\t<div class=\"elementor-element elementor-element-89407df elementor-widget elementor-widget-video\" data-id=\"89407df\" data-element_type=\"widget\" data-e-type=\"widget\" data-settings=\"{&quot;youtube_url&quot;:&quot;https:\\\/\\\/youtu.be\\\/ZnndvhrMpNg&quot;,&quot;video_type&quot;:&quot;youtube&quot;,&quot;controls&quot;:&quot;yes&quot;}\" data-widget_type=\"video.default\">\n\t\t\t\t\t\t\t<div class=\"elementor-wrapper elementor-open-inline\">\n\t\t\t<div class=\"elementor-video\"><\/div>\t\t<\/div>\n\t\t\t\t\t\t<\/div>\n\t\t\t\t\t<\/div>\n\t\t<\/div>\n\t\t\t\t\t<\/div>\n\t\t<\/section>\n\t\t\t\t<section class=\"elementor-section elementor-inner-section elementor-element elementor-element-87a1d40 elementor-section-boxed elementor-section-height-default elementor-section-height-default\" data-id=\"87a1d40\" data-element_type=\"section\" data-e-type=\"section\" data-settings=\"{&quot;background_background&quot;:&quot;classic&quot;,&quot;jet_parallax_layout_list&quot;:[]}\">\n\t\t\t\t\t\t<div class=\"elementor-container elementor-column-gap-default\">\n\t\t\t\t\t<div class=\"elementor-column elementor-col-50 elementor-inner-column elementor-element elementor-element-209d165\" data-id=\"209d165\" data-element_type=\"column\" data-e-type=\"column\">\n\t\t\t<div class=\"elementor-widget-wrap elementor-element-populated\">\n\t\t\t\t\t\t<div class=\"elementor-element elementor-element-ec592e9 elementor-widget elementor-widget-heading\" data-id=\"ec592e9\" data-element_type=\"widget\" data-e-type=\"widget\" data-widget_type=\"heading.default\">\n\t\t\t\t\t<h2 class=\"elementor-heading-title elementor-size-default\">FREEDOG<\/h2>\t\t\t\t<\/div>\n\t\t\t\t\t<\/div>\n\t\t<\/div>\n\t\t\t\t<div class=\"elementor-column elementor-col-50 elementor-inner-column elementor-element elementor-element-de9bd82\" data-id=\"de9bd82\" data-element_type=\"column\" data-e-type=\"column\">\n\t\t\t<div class=\"elementor-widget-wrap elementor-element-populated\">\n\t\t\t\t\t\t<div class=\"elementor-element elementor-element-2544542 elementor-widget elementor-widget-video\" data-id=\"2544542\" data-element_type=\"widget\" data-e-type=\"widget\" data-settings=\"{&quot;youtube_url&quot;:&quot;https:\\\/\\\/youtu.be\\\/DLsCn-56p9Q&quot;,&quot;video_type&quot;:&quot;youtube&quot;,&quot;controls&quot;:&quot;yes&quot;}\" data-widget_type=\"video.default\">\n\t\t\t\t\t\t\t<div class=\"elementor-wrapper elementor-open-inline\">\n\t\t\t<div class=\"elementor-video\"><\/div>\t\t<\/div>\n\t\t\t\t\t\t<\/div>\n\t\t\t\t\t<\/div>\n\t\t<\/div>\n\t\t\t\t\t<\/div>\n\t\t<\/section>\n\t\t\t\t\t<\/div>\n\t\t<\/div>\n\t\t\t\t\t<\/div>\n\t\t<\/section>\n\t\t\t\t<section class=\"elementor-section elementor-top-section elementor-element elementor-element-e9f9b80 elementor-section-content-middle elementor-section-boxed elementor-section-height-default elementor-section-height-default\" data-id=\"e9f9b80\" data-element_type=\"section\" data-e-type=\"section\" data-settings=\"{&quot;background_background&quot;:&quot;classic&quot;,&quot;jet_parallax_layout_list&quot;:[]}\">\n\t\t\t\t\t\t<div class=\"elementor-container elementor-column-gap-default\">\n\t\t\t\t\t<div class=\"elementor-column elementor-col-100 elementor-top-column elementor-element elementor-element-53adbd7\" data-id=\"53adbd7\" data-element_type=\"column\" data-e-type=\"column\">\n\t\t\t<div class=\"elementor-widget-wrap elementor-element-populated\">\n\t\t\t\t\t\t<div class=\"elementor-element elementor-element-ecbec2a elementor-align-center elementor-widget elementor-widget-button\" data-id=\"ecbec2a\" data-element_type=\"widget\" data-e-type=\"widget\" data-widget_type=\"button.default\">\n\t\t\t\t\t\t\t\t\t\t<a class=\"elementor-button elementor-button-link elementor-size-xl\" href=\"https:\/\/wa.me\/441548521197\">\n\t\t\t\t\t\t<span class=\"elementor-button-content-wrapper\">\n\t\t\t\t\t\t<span class=\"elementor-button-icon\">\n\t\t\t\t<svg aria-hidden=\"true\" class=\"e-font-icon-svg e-fab-whatsapp\" viewBox=\"0 0 448 512\" xmlns=\"http:\/\/www.w3.org\/2000\/svg\"><path d=\"M380.9 97.1C339 55.1 283.2 32 223.9 32c-122.4 0-222 99.6-222 222 0 39.1 10.2 77.3 29.6 111L0 480l117.7-30.9c32.4 17.7 68.9 27 106.1 27h.1c122.3 0 224.1-99.6 224.1-222 0-59.3-25.2-115-67.1-157zm-157 341.6c-33.2 0-65.7-8.9-94-25.7l-6.7-4-69.8 18.3L72 359.2l-4.4-7c-18.5-29.4-28.2-63.3-28.2-98.2 0-101.7 82.8-184.5 184.6-184.5 49.3 0 95.6 19.2 130.4 54.1 34.8 34.9 56.2 81.2 56.1 130.5 0 101.8-84.9 184.6-186.6 184.6zm101.2-138.2c-5.5-2.8-32.8-16.2-37.9-18-5.1-1.9-8.8-2.8-12.5 2.8-3.7 5.6-14.3 18-17.6 21.8-3.2 3.7-6.5 4.2-12 1.4-32.6-16.3-54-29.1-75.5-66-5.7-9.8 5.7-9.1 16.3-30.3 1.8-3.7.9-6.9-.5-9.7-1.4-2.8-12.5-30.1-17.1-41.2-4.5-10.8-9.1-9.3-12.5-9.5-3.2-.2-6.9-.2-10.6-.2-3.7 0-9.7 1.4-14.8 6.9-5.1 5.6-19.4 19-19.4 46.3 0 27.3 19.9 53.7 22.6 57.4 2.8 3.7 39.1 59.7 94.8 83.8 35.2 15.2 49 16.5 66.6 13.9 10.7-1.6 32.8-13.4 37.4-26.4 4.6-13 4.6-24.1 3.2-26.4-1.3-2.5-5-3.9-10.5-6.6z\"><\/path><\/svg>\t\t\t<\/span>\n\t\t\t\t\t\t\t\t\t<span class=\"elementor-button-text\">Im WhatsApp-Chat<\/span>\n\t\t\t\t\t<\/span>\n\t\t\t\t\t<\/a>\n\t\t\t\t\t\t\t\t<\/div>\n\t\t\t\t\t<\/div>\n\t\t<\/div>\n\t\t\t\t\t<\/div>\n\t\t<\/section>\n\t\t\t\t<\/div>\n\t\t","protected":false},"excerpt":{"rendered":"<p>Design-Brosch\u00fcre BROSCH\u00dcRE HERUNTERLADEN BROSCH\u00dcRE ONLINE ANSEHEN SEHEN SIE SICH UNTEN EINIGE UNSERER VIDEOS AN STRIKE ARENA https:\/\/youtu.be\/sba4aZiHbmk ALTITUDE https:\/\/youtu.be\/ZnndvhrMpNg FREEDOG https:\/\/youtu.be\/DLsCn-56p9Q Im WhatsApp-Chat<\/p>\n","protected":false},"author":1,"featured_media":0,"parent":0,"menu_order":0,"comment_status":"closed","ping_status":"closed","template":"","meta":{"footnotes":""},"class_list":["post-33832","page","type-page","status-publish","hentry"],"yoast_head":"<!-- This site is optimized with the Yoast SEO plugin v27.6 - https:\/\/yoast.com\/product\/yoast-seo-wordpress\/ -->\n<title>IAAPA FLORIDA 2023 \u2013 BROSCH\u00dcRE HERUNTERLADEN - The Play Company<\/title>\n<meta name=\"robots\" content=\"index, follow, max-snippet:-1, max-image-preview:large, max-video-preview:-1\" \/>\n<link rel=\"canonical\" href=\"https:\/\/theplaycompany.co.uk\/de\/iaapa-florida-2023-broschuere-herunterladen\/\" \/>\n<meta property=\"og:locale\" content=\"de_DE\" \/>\n<meta property=\"og:type\" content=\"article\" \/>\n<meta property=\"og:title\" content=\"IAAPA FLORIDA 2023 \u2013 BROSCH\u00dcRE HERUNTERLADEN - The Play Company\" \/>\n<meta property=\"og:description\" content=\"Design-Brosch\u00fcre BROSCH\u00dcRE HERUNTERLADEN BROSCH\u00dcRE ONLINE ANSEHEN SEHEN SIE SICH UNTEN EINIGE UNSERER VIDEOS AN STRIKE ARENA https:\/\/youtu.be\/sba4aZiHbmk ALTITUDE https:\/\/youtu.be\/ZnndvhrMpNg FREEDOG https:\/\/youtu.be\/DLsCn-56p9Q Im WhatsApp-Chat\" \/>\n<meta property=\"og:url\" content=\"https:\/\/theplaycompany.co.uk\/de\/iaapa-florida-2023-broschuere-herunterladen\/\" \/>\n<meta property=\"og:site_name\" content=\"The Play Company\" \/>\n<meta property=\"article:publisher\" content=\"https:\/\/www.facebook.com\/theplaycompany1\/\" \/>\n<meta property=\"article:modified_time\" content=\"2026-04-24T13:17:59+00:00\" \/>\n<meta property=\"og:image\" content=\"https:\/\/theplaycompany.co.uk\/wp-content\/uploads\/2025\/02\/The-Play-Company-Logo.png\" \/>\n\t<meta property=\"og:image:width\" content=\"500\" \/>\n\t<meta property=\"og:image:height\" content=\"190\" \/>\n\t<meta property=\"og:image:type\" content=\"image\/png\" \/>\n<meta name=\"twitter:card\" content=\"summary_large_image\" \/>\n<script type=\"application\/ld+json\" class=\"yoast-schema-graph\">{\"@context\":\"https:\\\/\\\/schema.org\",\"@graph\":[{\"@type\":\"WebPage\",\"@id\":\"https:\\\/\\\/theplaycompany.co.uk\\\/de\\\/iaapa-florida-2023-broschuere-herunterladen\\\/\",\"url\":\"https:\\\/\\\/theplaycompany.co.uk\\\/de\\\/iaapa-florida-2023-broschuere-herunterladen\\\/\",\"name\":\"IAAPA FLORIDA 2023 \u2013 BROSCH\u00dcRE HERUNTERLADEN - The Play Company\",\"isPartOf\":{\"@id\":\"https:\\\/\\\/theplaycompany.co.uk\\\/de\\\/#website\"},\"datePublished\":\"2025-12-30T15:43:26+00:00\",\"dateModified\":\"2026-04-24T13:17:59+00:00\",\"breadcrumb\":{\"@id\":\"https:\\\/\\\/theplaycompany.co.uk\\\/de\\\/iaapa-florida-2023-broschuere-herunterladen\\\/#breadcrumb\"},\"inLanguage\":\"de\",\"potentialAction\":[{\"@type\":\"ReadAction\",\"target\":[\"https:\\\/\\\/theplaycompany.co.uk\\\/de\\\/iaapa-florida-2023-broschuere-herunterladen\\\/\"]}]},{\"@type\":\"BreadcrumbList\",\"@id\":\"https:\\\/\\\/theplaycompany.co.uk\\\/de\\\/iaapa-florida-2023-broschuere-herunterladen\\\/#breadcrumb\",\"itemListElement\":[{\"@type\":\"ListItem\",\"position\":1,\"name\":\"Home\",\"item\":\"https:\\\/\\\/theplaycompany.co.uk\\\/de\\\/spezialisten-fuer-indoor-spielbereiche\\\/\"},{\"@type\":\"ListItem\",\"position\":2,\"name\":\"IAAPA FLORIDA 2023 \u2013 BROSCH\u00dcRE HERUNTERLADEN\"}]},{\"@type\":\"WebSite\",\"@id\":\"https:\\\/\\\/theplaycompany.co.uk\\\/de\\\/#website\",\"url\":\"https:\\\/\\\/theplaycompany.co.uk\\\/de\\\/\",\"name\":\"The Play Company\",\"description\":\"\",\"publisher\":{\"@id\":\"https:\\\/\\\/theplaycompany.co.uk\\\/de\\\/#organization\"},\"alternateName\":\"Soft Play Manufacturer\",\"potentialAction\":[{\"@type\":\"SearchAction\",\"target\":{\"@type\":\"EntryPoint\",\"urlTemplate\":\"https:\\\/\\\/theplaycompany.co.uk\\\/de\\\/?s={search_term_string}\"},\"query-input\":{\"@type\":\"PropertyValueSpecification\",\"valueRequired\":true,\"valueName\":\"search_term_string\"}}],\"inLanguage\":\"de\"},{\"@type\":\"Organization\",\"@id\":\"https:\\\/\\\/theplaycompany.co.uk\\\/de\\\/#organization\",\"name\":\"The Play Company\",\"url\":\"https:\\\/\\\/theplaycompany.co.uk\\\/de\\\/\",\"logo\":{\"@type\":\"ImageObject\",\"inLanguage\":\"de\",\"@id\":\"https:\\\/\\\/theplaycompany.co.uk\\\/de\\\/#\\\/schema\\\/logo\\\/image\\\/\",\"url\":\"https:\\\/\\\/theplaycompany.co.uk\\\/wp-content\\\/uploads\\\/2025\\\/02\\\/The-Play-Company-Logo.png\",\"contentUrl\":\"https:\\\/\\\/theplaycompany.co.uk\\\/wp-content\\\/uploads\\\/2025\\\/02\\\/The-Play-Company-Logo.png\",\"width\":500,\"height\":190,\"caption\":\"The Play Company\"},\"image\":{\"@id\":\"https:\\\/\\\/theplaycompany.co.uk\\\/de\\\/#\\\/schema\\\/logo\\\/image\\\/\"},\"sameAs\":[\"https:\\\/\\\/www.facebook.com\\\/theplaycompany1\\\/\",\"https:\\\/\\\/www.linkedin.com\\\/company\\\/the-play-company-1\\\/\",\"https:\\\/\\\/www.instagram.com\\\/_theplaycompany\\\/\",\"https:\\\/\\\/www.youtube.com\\\/@theplaycompany\"]}]}<\/script>\n<!-- \/ Yoast SEO plugin. -->","yoast_head_json":{"title":"IAAPA FLORIDA 2023 \u2013 BROSCH\u00dcRE HERUNTERLADEN - The Play Company","robots":{"index":"index","follow":"follow","max-snippet":"max-snippet:-1","max-image-preview":"max-image-preview:large","max-video-preview":"max-video-preview:-1"},"canonical":"https:\/\/theplaycompany.co.uk\/de\/iaapa-florida-2023-broschuere-herunterladen\/","og_locale":"de_DE","og_type":"article","og_title":"IAAPA FLORIDA 2023 \u2013 BROSCH\u00dcRE HERUNTERLADEN - The Play Company","og_description":"Design-Brosch\u00fcre BROSCH\u00dcRE HERUNTERLADEN BROSCH\u00dcRE ONLINE ANSEHEN SEHEN SIE SICH UNTEN EINIGE UNSERER VIDEOS AN STRIKE ARENA https:\/\/youtu.be\/sba4aZiHbmk ALTITUDE https:\/\/youtu.be\/ZnndvhrMpNg FREEDOG https:\/\/youtu.be\/DLsCn-56p9Q Im WhatsApp-Chat","og_url":"https:\/\/theplaycompany.co.uk\/de\/iaapa-florida-2023-broschuere-herunterladen\/","og_site_name":"The Play Company","article_publisher":"https:\/\/www.facebook.com\/theplaycompany1\/","article_modified_time":"2026-04-24T13:17:59+00:00","og_image":[{"width":500,"height":190,"url":"https:\/\/theplaycompany.co.uk\/wp-content\/uploads\/2025\/02\/The-Play-Company-Logo.png","type":"image\/png"}],"twitter_card":"summary_large_image","schema":{"@context":"https:\/\/schema.org","@graph":[{"@type":"WebPage","@id":"https:\/\/theplaycompany.co.uk\/de\/iaapa-florida-2023-broschuere-herunterladen\/","url":"https:\/\/theplaycompany.co.uk\/de\/iaapa-florida-2023-broschuere-herunterladen\/","name":"IAAPA FLORIDA 2023 \u2013 BROSCH\u00dcRE HERUNTERLADEN - The Play Company","isPartOf":{"@id":"https:\/\/theplaycompany.co.uk\/de\/#website"},"datePublished":"2025-12-30T15:43:26+00:00","dateModified":"2026-04-24T13:17:59+00:00","breadcrumb":{"@id":"https:\/\/theplaycompany.co.uk\/de\/iaapa-florida-2023-broschuere-herunterladen\/#breadcrumb"},"inLanguage":"de","potentialAction":[{"@type":"ReadAction","target":["https:\/\/theplaycompany.co.uk\/de\/iaapa-florida-2023-broschuere-herunterladen\/"]}]},{"@type":"BreadcrumbList","@id":"https:\/\/theplaycompany.co.uk\/de\/iaapa-florida-2023-broschuere-herunterladen\/#breadcrumb","itemListElement":[{"@type":"ListItem","position":1,"name":"Home","item":"https:\/\/theplaycompany.co.uk\/de\/spezialisten-fuer-indoor-spielbereiche\/"},{"@type":"ListItem","position":2,"name":"IAAPA FLORIDA 2023 \u2013 BROSCH\u00dcRE HERUNTERLADEN"}]},{"@type":"WebSite","@id":"https:\/\/theplaycompany.co.uk\/de\/#website","url":"https:\/\/theplaycompany.co.uk\/de\/","name":"The Play Company","description":"","publisher":{"@id":"https:\/\/theplaycompany.co.uk\/de\/#organization"},"alternateName":"Soft Play Manufacturer","potentialAction":[{"@type":"SearchAction","target":{"@type":"EntryPoint","urlTemplate":"https:\/\/theplaycompany.co.uk\/de\/?s={search_term_string}"},"query-input":{"@type":"PropertyValueSpecification","valueRequired":true,"valueName":"search_term_string"}}],"inLanguage":"de"},{"@type":"Organization","@id":"https:\/\/theplaycompany.co.uk\/de\/#organization","name":"The Play Company","url":"https:\/\/theplaycompany.co.uk\/de\/","logo":{"@type":"ImageObject","inLanguage":"de","@id":"https:\/\/theplaycompany.co.uk\/de\/#\/schema\/logo\/image\/","url":"https:\/\/theplaycompany.co.uk\/wp-content\/uploads\/2025\/02\/The-Play-Company-Logo.png","contentUrl":"https:\/\/theplaycompany.co.uk\/wp-content\/uploads\/2025\/02\/The-Play-Company-Logo.png","width":500,"height":190,"caption":"The Play Company"},"image":{"@id":"https:\/\/theplaycompany.co.uk\/de\/#\/schema\/logo\/image\/"},"sameAs":["https:\/\/www.facebook.com\/theplaycompany1\/","https:\/\/www.linkedin.com\/company\/the-play-company-1\/","https:\/\/www.instagram.com\/_theplaycompany\/","https:\/\/www.youtube.com\/@theplaycompany"]}]}},"_links":{"self":[{"href":"https:\/\/theplaycompany.co.uk\/de\/wp-json\/wp\/v2\/pages\/33832","targetHints":{"allow":["GET"]}}],"collection":[{"href":"https:\/\/theplaycompany.co.uk\/de\/wp-json\/wp\/v2\/pages"}],"about":[{"href":"https:\/\/theplaycompany.co.uk\/de\/wp-json\/wp\/v2\/types\/page"}],"author":[{"embeddable":true,"href":"https:\/\/theplaycompany.co.uk\/de\/wp-json\/wp\/v2\/users\/1"}],"replies":[{"embeddable":true,"href":"https:\/\/theplaycompany.co.uk\/de\/wp-json\/wp\/v2\/comments?post=33832"}],"version-history":[{"count":2,"href":"https:\/\/theplaycompany.co.uk\/de\/wp-json\/wp\/v2\/pages\/33832\/revisions"}],"predecessor-version":[{"id":35215,"href":"https:\/\/theplaycompany.co.uk\/de\/wp-json\/wp\/v2\/pages\/33832\/revisions\/35215"}],"wp:attachment":[{"href":"https:\/\/theplaycompany.co.uk\/de\/wp-json\/wp\/v2\/media?parent=33832"}],"curies":[{"name":"wp","href":"https:\/\/api.w.org\/{rel}","templated":true}]}}