{"id":33577,"date":"2025-11-29T07:49:05","date_gmt":"2025-11-29T07:49:05","guid":{"rendered":"https:\/\/theplaycompany.co.uk\/rechtliches-richtlinien\/"},"modified":"2026-04-24T13:16:53","modified_gmt":"2026-04-24T13:16:53","slug":"rechtliches-richtlinien","status":"publish","type":"page","link":"https:\/\/theplaycompany.co.uk\/de\/rechtliches-richtlinien\/","title":{"rendered":"Rechtliches &amp; Richtlinien"},"content":{"rendered":"\t\t<div data-elementor-type=\"wp-page\" data-elementor-id=\"33577\" class=\"elementor elementor-33577 elementor-25306\" data-elementor-post-type=\"page\">\n\t\t\t\t<div class=\"elementor-element elementor-element-187e223 e-con-full e-flex e-con e-parent\" data-id=\"187e223\" data-element_type=\"container\" data-e-type=\"container\" data-settings=\"{&quot;background_background&quot;:&quot;classic&quot;,&quot;jet_parallax_layout_list&quot;:[],&quot;shape_divider_bottom&quot;:&quot;waves&quot;,&quot;shape_divider_bottom_negative&quot;:&quot;yes&quot;}\">\n\t\t\t\t<div class=\"elementor-shape elementor-shape-bottom\" aria-hidden=\"true\" data-negative=\"true\">\n\t\t\t<svg xmlns=\"http:\/\/www.w3.org\/2000\/svg\" viewBox=\"0 0 1000 100\" preserveAspectRatio=\"none\">\n\t<path class=\"elementor-shape-fill\" d=\"M790.5,93.1c-59.3-5.3-116.8-18-192.6-50c-29.6-12.7-76.9-31-100.5-35.9c-23.6-4.9-52.6-7.8-75.5-5.3\n\tc-10.2,1.1-22.6,1.4-50.1,7.4c-27.2,6.3-58.2,16.6-79.4,24.7c-41.3,15.9-94.9,21.9-134,22.6C72,58.2,0,25.8,0,25.8V100h1000V65.3\n\tc0,0-51.5,19.4-106.2,25.7C839.5,97,814.1,95.2,790.5,93.1z\"\/>\n<\/svg>\t\t<\/div>\n\t\t<div class=\"elementor-element elementor-element-b6b87dd e-flex e-con-boxed e-con e-child\" data-id=\"b6b87dd\" data-element_type=\"container\" data-e-type=\"container\" data-settings=\"{&quot;background_background&quot;:&quot;classic&quot;,&quot;jet_parallax_layout_list&quot;:[]}\">\n\t\t\t\t\t<div class=\"e-con-inner\">\n\t\t\t\t\t<\/div>\n\t\t\t\t<\/div>\n\t\t\t\t<\/div>\n\t\t<div class=\"elementor-element elementor-element-2f82047 e-flex e-con-boxed e-con e-parent\" data-id=\"2f82047\" data-element_type=\"container\" data-e-type=\"container\" data-settings=\"{&quot;jet_parallax_layout_list&quot;:[]}\">\n\t\t\t\t\t<div class=\"e-con-inner\">\n\t\t\t\t<div class=\"elementor-element elementor-element-ab8ed0a elementor-widget elementor-widget-heading\" data-id=\"ab8ed0a\" data-element_type=\"widget\" data-e-type=\"widget\" data-widget_type=\"heading.default\">\n\t\t\t\t\t<h1 class=\"elementor-heading-title elementor-size-default\">Softplay-Installationen in Devon<\/h1>\t\t\t\t<\/div>\n\t\t<div class=\"elementor-element elementor-element-371a549 e-con-full e-flex e-con e-child\" data-id=\"371a549\" data-element_type=\"container\" data-e-type=\"container\" data-settings=\"{&quot;jet_parallax_layout_list&quot;:[]}\">\n\t\t<section class=\"elementor-element elementor-element-40b5491 e-con-full e-flex e-con e-child\" data-id=\"40b5491\" data-element_type=\"container\" data-e-type=\"container\" data-settings=\"{&quot;jet_parallax_layout_list&quot;:[]}\">\n\t\t\t\t<div class=\"elementor-element elementor-element-3e93154 elementor-widget elementor-widget-text-editor\" data-id=\"3e93154\" data-element_type=\"widget\" data-e-type=\"widget\" data-widget_type=\"text-editor.default\">\n\t\t\t\t\t\t\t\t\t<p>Wir setzen auf Transparenz und Vertrauen. Unten finden Sie wichtige Dokumente dazu, wie wir arbeiten, darunter unsere Allgemeinen Gesch\u00e4ftsbedingungen, Garantieinformationen und Versicherungsdetails. Diese Richtlinien sorgen f\u00fcr Klarheit, sch\u00fctzen beide Parteien und geben Ihnen Sicherheit bei der Zusammenarbeit mit uns.  <\/p><p>Wenn Sie Fragen zu den bereitgestellten Informationen haben, k\u00f6nnen Sie sich gerne bei uns melden \u2013 wir helfen Ihnen jederzeit weiter.<\/p>\t\t\t\t\t\t\t\t<\/div>\n\t\t\t\t<div class=\"elementor-element elementor-element-985b14f elementor-hidden-tablet elementor-hidden-mobile elementor-widget elementor-widget-button\" data-id=\"985b14f\" data-element_type=\"widget\" data-e-type=\"widget\" data-widget_type=\"button.default\">\n\t\t\t\t\t\t\t\t\t\t<a class=\"elementor-button elementor-button-link elementor-size-sm\" href=\"https:\/\/theplaycompany.co.uk\/wp-content\/uploads\/2025\/11\/PART-B-CONDITIONS.pdf\" target=\"_blank\">\n\t\t\t\t\t\t<span class=\"elementor-button-content-wrapper\">\n\t\t\t\t\t\t\t\t\t<span class=\"elementor-button-text\">Allgemeine Gesch\u00e4ftsbedingungen<\/span>\n\t\t\t\t\t<\/span>\n\t\t\t\t\t<\/a>\n\t\t\t\t\t\t\t\t<\/div>\n\t\t\t\t<\/section>\n\t\t\t\t<\/div>\n\t\t\t\t\t<\/div>\n\t\t\t\t<\/div>\n\t\t\t\t<\/div>\n\t\t","protected":false},"excerpt":{"rendered":"<p>Softplay-Installationen in Devon Wir setzen auf Transparenz und Vertrauen. Unten finden Sie wichtige Dokumente dazu, wie wir arbeiten, darunter unsere Allgemeinen Gesch\u00e4ftsbedingungen, Garantieinformationen und Versicherungsdetails. Diese Richtlinien sorgen f\u00fcr Klarheit, sch\u00fctzen beide Parteien und geben Ihnen Sicherheit bei der Zusammenarbeit mit uns. Wenn Sie Fragen zu den bereitgestellten Informationen haben, k\u00f6nnen Sie sich gerne bei [&hellip;]<\/p>\n","protected":false},"author":1,"featured_media":33578,"parent":0,"menu_order":0,"comment_status":"closed","ping_status":"closed","template":"","meta":{"footnotes":""},"class_list":["post-33577","page","type-page","status-publish","has-post-thumbnail","hentry"],"yoast_head":"<!-- This site is optimized with the Yoast SEO plugin v27.6 - https:\/\/yoast.com\/product\/yoast-seo-wordpress\/ -->\n<title>Rechtliches &amp; Richtlinien - The Play Company<\/title>\n<meta name=\"robots\" content=\"index, follow, max-snippet:-1, max-image-preview:large, max-video-preview:-1\" \/>\n<link rel=\"canonical\" href=\"https:\/\/theplaycompany.co.uk\/de\/rechtliches-richtlinien\/\" \/>\n<meta property=\"og:locale\" content=\"de_DE\" \/>\n<meta property=\"og:type\" content=\"article\" \/>\n<meta property=\"og:title\" content=\"Rechtliches &amp; Richtlinien - The Play Company\" \/>\n<meta property=\"og:description\" content=\"Softplay-Installationen in Devon Wir setzen auf Transparenz und Vertrauen. Unten finden Sie wichtige Dokumente dazu, wie wir arbeiten, darunter unsere Allgemeinen Gesch\u00e4ftsbedingungen, Garantieinformationen und Versicherungsdetails. Diese Richtlinien sorgen f\u00fcr Klarheit, sch\u00fctzen beide Parteien und geben Ihnen Sicherheit bei der Zusammenarbeit mit uns. Wenn Sie Fragen zu den bereitgestellten Informationen haben, k\u00f6nnen Sie sich gerne bei [&hellip;]\" \/>\n<meta property=\"og:url\" content=\"https:\/\/theplaycompany.co.uk\/de\/rechtliches-richtlinien\/\" \/>\n<meta property=\"og:site_name\" content=\"The Play Company\" \/>\n<meta property=\"article:publisher\" content=\"https:\/\/www.facebook.com\/theplaycompany1\/\" \/>\n<meta property=\"article:modified_time\" content=\"2026-04-24T13:16:53+00:00\" \/>\n<meta property=\"og:image\" content=\"https:\/\/theplaycompany.co.uk\/wp-content\/uploads\/2025\/11\/Altitude-Indoor-Play-Area-3.jpg\" \/>\n\t<meta property=\"og:image:width\" content=\"1333\" \/>\n\t<meta property=\"og:image:height\" content=\"2000\" \/>\n\t<meta property=\"og:image:type\" content=\"image\/jpeg\" \/>\n<meta name=\"twitter:card\" content=\"summary_large_image\" \/>\n<script type=\"application\/ld+json\" class=\"yoast-schema-graph\">{\"@context\":\"https:\\\/\\\/schema.org\",\"@graph\":[{\"@type\":\"WebPage\",\"@id\":\"https:\\\/\\\/theplaycompany.co.uk\\\/de\\\/rechtliches-richtlinien\\\/\",\"url\":\"https:\\\/\\\/theplaycompany.co.uk\\\/de\\\/rechtliches-richtlinien\\\/\",\"name\":\"Rechtliches &amp; Richtlinien - The Play Company\",\"isPartOf\":{\"@id\":\"https:\\\/\\\/theplaycompany.co.uk\\\/de\\\/#website\"},\"primaryImageOfPage\":{\"@id\":\"https:\\\/\\\/theplaycompany.co.uk\\\/de\\\/rechtliches-richtlinien\\\/#primaryimage\"},\"image\":{\"@id\":\"https:\\\/\\\/theplaycompany.co.uk\\\/de\\\/rechtliches-richtlinien\\\/#primaryimage\"},\"thumbnailUrl\":\"https:\\\/\\\/theplaycompany.co.uk\\\/wp-content\\\/uploads\\\/2025\\\/11\\\/Altitude-Indoor-Play-Area-3.jpg\",\"datePublished\":\"2025-11-29T07:49:05+00:00\",\"dateModified\":\"2026-04-24T13:16:53+00:00\",\"breadcrumb\":{\"@id\":\"https:\\\/\\\/theplaycompany.co.uk\\\/de\\\/rechtliches-richtlinien\\\/#breadcrumb\"},\"inLanguage\":\"de\",\"potentialAction\":[{\"@type\":\"ReadAction\",\"target\":[\"https:\\\/\\\/theplaycompany.co.uk\\\/de\\\/rechtliches-richtlinien\\\/\"]}]},{\"@type\":\"ImageObject\",\"inLanguage\":\"de\",\"@id\":\"https:\\\/\\\/theplaycompany.co.uk\\\/de\\\/rechtliches-richtlinien\\\/#primaryimage\",\"url\":\"https:\\\/\\\/theplaycompany.co.uk\\\/wp-content\\\/uploads\\\/2025\\\/11\\\/Altitude-Indoor-Play-Area-3.jpg\",\"contentUrl\":\"https:\\\/\\\/theplaycompany.co.uk\\\/wp-content\\\/uploads\\\/2025\\\/11\\\/Altitude-Indoor-Play-Area-3.jpg\",\"width\":1333,\"height\":2000},{\"@type\":\"BreadcrumbList\",\"@id\":\"https:\\\/\\\/theplaycompany.co.uk\\\/de\\\/rechtliches-richtlinien\\\/#breadcrumb\",\"itemListElement\":[{\"@type\":\"ListItem\",\"position\":1,\"name\":\"Home\",\"item\":\"https:\\\/\\\/theplaycompany.co.uk\\\/de\\\/spezialisten-fuer-indoor-spielbereiche\\\/\"},{\"@type\":\"ListItem\",\"position\":2,\"name\":\"Rechtliches &amp; Richtlinien\"}]},{\"@type\":\"WebSite\",\"@id\":\"https:\\\/\\\/theplaycompany.co.uk\\\/de\\\/#website\",\"url\":\"https:\\\/\\\/theplaycompany.co.uk\\\/de\\\/\",\"name\":\"The Play Company\",\"description\":\"\",\"publisher\":{\"@id\":\"https:\\\/\\\/theplaycompany.co.uk\\\/de\\\/#organization\"},\"alternateName\":\"Soft Play Manufacturer\",\"potentialAction\":[{\"@type\":\"SearchAction\",\"target\":{\"@type\":\"EntryPoint\",\"urlTemplate\":\"https:\\\/\\\/theplaycompany.co.uk\\\/de\\\/?s={search_term_string}\"},\"query-input\":{\"@type\":\"PropertyValueSpecification\",\"valueRequired\":true,\"valueName\":\"search_term_string\"}}],\"inLanguage\":\"de\"},{\"@type\":\"Organization\",\"@id\":\"https:\\\/\\\/theplaycompany.co.uk\\\/de\\\/#organization\",\"name\":\"The Play Company\",\"url\":\"https:\\\/\\\/theplaycompany.co.uk\\\/de\\\/\",\"logo\":{\"@type\":\"ImageObject\",\"inLanguage\":\"de\",\"@id\":\"https:\\\/\\\/theplaycompany.co.uk\\\/de\\\/#\\\/schema\\\/logo\\\/image\\\/\",\"url\":\"https:\\\/\\\/theplaycompany.co.uk\\\/wp-content\\\/uploads\\\/2025\\\/02\\\/The-Play-Company-Logo.png\",\"contentUrl\":\"https:\\\/\\\/theplaycompany.co.uk\\\/wp-content\\\/uploads\\\/2025\\\/02\\\/The-Play-Company-Logo.png\",\"width\":500,\"height\":190,\"caption\":\"The Play Company\"},\"image\":{\"@id\":\"https:\\\/\\\/theplaycompany.co.uk\\\/de\\\/#\\\/schema\\\/logo\\\/image\\\/\"},\"sameAs\":[\"https:\\\/\\\/www.facebook.com\\\/theplaycompany1\\\/\",\"https:\\\/\\\/www.linkedin.com\\\/company\\\/the-play-company-1\\\/\",\"https:\\\/\\\/www.instagram.com\\\/_theplaycompany\\\/\",\"https:\\\/\\\/www.youtube.com\\\/@theplaycompany\"]}]}<\/script>\n<!-- \/ Yoast SEO plugin. -->","yoast_head_json":{"title":"Rechtliches &amp; Richtlinien - The Play Company","robots":{"index":"index","follow":"follow","max-snippet":"max-snippet:-1","max-image-preview":"max-image-preview:large","max-video-preview":"max-video-preview:-1"},"canonical":"https:\/\/theplaycompany.co.uk\/de\/rechtliches-richtlinien\/","og_locale":"de_DE","og_type":"article","og_title":"Rechtliches &amp; Richtlinien - The Play Company","og_description":"Softplay-Installationen in Devon Wir setzen auf Transparenz und Vertrauen. Unten finden Sie wichtige Dokumente dazu, wie wir arbeiten, darunter unsere Allgemeinen Gesch\u00e4ftsbedingungen, Garantieinformationen und Versicherungsdetails. Diese Richtlinien sorgen f\u00fcr Klarheit, sch\u00fctzen beide Parteien und geben Ihnen Sicherheit bei der Zusammenarbeit mit uns. Wenn Sie Fragen zu den bereitgestellten Informationen haben, k\u00f6nnen Sie sich gerne bei [&hellip;]","og_url":"https:\/\/theplaycompany.co.uk\/de\/rechtliches-richtlinien\/","og_site_name":"The Play Company","article_publisher":"https:\/\/www.facebook.com\/theplaycompany1\/","article_modified_time":"2026-04-24T13:16:53+00:00","og_image":[{"width":1333,"height":2000,"url":"https:\/\/theplaycompany.co.uk\/wp-content\/uploads\/2025\/11\/Altitude-Indoor-Play-Area-3.jpg","type":"image\/jpeg"}],"twitter_card":"summary_large_image","schema":{"@context":"https:\/\/schema.org","@graph":[{"@type":"WebPage","@id":"https:\/\/theplaycompany.co.uk\/de\/rechtliches-richtlinien\/","url":"https:\/\/theplaycompany.co.uk\/de\/rechtliches-richtlinien\/","name":"Rechtliches &amp; Richtlinien - The Play Company","isPartOf":{"@id":"https:\/\/theplaycompany.co.uk\/de\/#website"},"primaryImageOfPage":{"@id":"https:\/\/theplaycompany.co.uk\/de\/rechtliches-richtlinien\/#primaryimage"},"image":{"@id":"https:\/\/theplaycompany.co.uk\/de\/rechtliches-richtlinien\/#primaryimage"},"thumbnailUrl":"https:\/\/theplaycompany.co.uk\/wp-content\/uploads\/2025\/11\/Altitude-Indoor-Play-Area-3.jpg","datePublished":"2025-11-29T07:49:05+00:00","dateModified":"2026-04-24T13:16:53+00:00","breadcrumb":{"@id":"https:\/\/theplaycompany.co.uk\/de\/rechtliches-richtlinien\/#breadcrumb"},"inLanguage":"de","potentialAction":[{"@type":"ReadAction","target":["https:\/\/theplaycompany.co.uk\/de\/rechtliches-richtlinien\/"]}]},{"@type":"ImageObject","inLanguage":"de","@id":"https:\/\/theplaycompany.co.uk\/de\/rechtliches-richtlinien\/#primaryimage","url":"https:\/\/theplaycompany.co.uk\/wp-content\/uploads\/2025\/11\/Altitude-Indoor-Play-Area-3.jpg","contentUrl":"https:\/\/theplaycompany.co.uk\/wp-content\/uploads\/2025\/11\/Altitude-Indoor-Play-Area-3.jpg","width":1333,"height":2000},{"@type":"BreadcrumbList","@id":"https:\/\/theplaycompany.co.uk\/de\/rechtliches-richtlinien\/#breadcrumb","itemListElement":[{"@type":"ListItem","position":1,"name":"Home","item":"https:\/\/theplaycompany.co.uk\/de\/spezialisten-fuer-indoor-spielbereiche\/"},{"@type":"ListItem","position":2,"name":"Rechtliches &amp; Richtlinien"}]},{"@type":"WebSite","@id":"https:\/\/theplaycompany.co.uk\/de\/#website","url":"https:\/\/theplaycompany.co.uk\/de\/","name":"The Play Company","description":"","publisher":{"@id":"https:\/\/theplaycompany.co.uk\/de\/#organization"},"alternateName":"Soft Play Manufacturer","potentialAction":[{"@type":"SearchAction","target":{"@type":"EntryPoint","urlTemplate":"https:\/\/theplaycompany.co.uk\/de\/?s={search_term_string}"},"query-input":{"@type":"PropertyValueSpecification","valueRequired":true,"valueName":"search_term_string"}}],"inLanguage":"de"},{"@type":"Organization","@id":"https:\/\/theplaycompany.co.uk\/de\/#organization","name":"The Play Company","url":"https:\/\/theplaycompany.co.uk\/de\/","logo":{"@type":"ImageObject","inLanguage":"de","@id":"https:\/\/theplaycompany.co.uk\/de\/#\/schema\/logo\/image\/","url":"https:\/\/theplaycompany.co.uk\/wp-content\/uploads\/2025\/02\/The-Play-Company-Logo.png","contentUrl":"https:\/\/theplaycompany.co.uk\/wp-content\/uploads\/2025\/02\/The-Play-Company-Logo.png","width":500,"height":190,"caption":"The Play Company"},"image":{"@id":"https:\/\/theplaycompany.co.uk\/de\/#\/schema\/logo\/image\/"},"sameAs":["https:\/\/www.facebook.com\/theplaycompany1\/","https:\/\/www.linkedin.com\/company\/the-play-company-1\/","https:\/\/www.instagram.com\/_theplaycompany\/","https:\/\/www.youtube.com\/@theplaycompany"]}]}},"_links":{"self":[{"href":"https:\/\/theplaycompany.co.uk\/de\/wp-json\/wp\/v2\/pages\/33577","targetHints":{"allow":["GET"]}}],"collection":[{"href":"https:\/\/theplaycompany.co.uk\/de\/wp-json\/wp\/v2\/pages"}],"about":[{"href":"https:\/\/theplaycompany.co.uk\/de\/wp-json\/wp\/v2\/types\/page"}],"author":[{"embeddable":true,"href":"https:\/\/theplaycompany.co.uk\/de\/wp-json\/wp\/v2\/users\/1"}],"replies":[{"embeddable":true,"href":"https:\/\/theplaycompany.co.uk\/de\/wp-json\/wp\/v2\/comments?post=33577"}],"version-history":[{"count":2,"href":"https:\/\/theplaycompany.co.uk\/de\/wp-json\/wp\/v2\/pages\/33577\/revisions"}],"predecessor-version":[{"id":35177,"href":"https:\/\/theplaycompany.co.uk\/de\/wp-json\/wp\/v2\/pages\/33577\/revisions\/35177"}],"wp:featuredmedia":[{"embeddable":true,"href":"https:\/\/theplaycompany.co.uk\/de\/wp-json\/wp\/v2\/media\/33578"}],"wp:attachment":[{"href":"https:\/\/theplaycompany.co.uk\/de\/wp-json\/wp\/v2\/media?parent=33577"}],"curies":[{"name":"wp","href":"https:\/\/api.w.org\/{rel}","templated":true}]}}